{"id":4054,"date":"2024-09-05T18:00:56","date_gmt":"2024-09-05T16:00:56","guid":{"rendered":"https:\/\/cle.e-clectic.ch\/c-mount-objektive\/"},"modified":"2024-12-27T15:00:55","modified_gmt":"2024-12-27T14:00:55","slug":"c-mount-objektive","status":"publish","type":"page","link":"https:\/\/cle.e-clectic.ch\/de\/c-mount-objektive\/","title":{"rendered":"C-Mount Objektive"},"content":{"rendered":"\t\t<div data-elementor-type=\"wp-post\" data-elementor-id=\"4054\" class=\"elementor elementor-4054 elementor-136\" data-elementor-post-type=\"page\">\n\t\t\t\t<div class=\"elementor-element elementor-element-4d73de4 e-flex e-con-boxed wpr-particle-no wpr-jarallax-no wpr-parallax-no wpr-sticky-section-no e-con e-parent\" data-id=\"4d73de4\" data-element_type=\"container\">\n\t\t\t\t\t<div class=\"e-con-inner\">\n\t\t\t\t<div class=\"elementor-element elementor-element-9e420ad elementor-widget-divider--view-line elementor-widget elementor-widget-divider\" data-id=\"9e420ad\" data-element_type=\"widget\" data-widget_type=\"divider.default\">\n\t\t\t\t<div class=\"elementor-widget-container\">\n\t\t\t\t\t<div class=\"elementor-divider\">\n\t\t\t<span class=\"elementor-divider-separator\">\n\t\t\t\t\t\t<\/span>\n\t\t<\/div>\n\t\t\t\t<\/div>\n\t\t\t\t<\/div>\n\t\t\t\t<div class=\"elementor-element elementor-element-508a109 elementor-widget elementor-widget-text-editor\" data-id=\"508a109\" data-element_type=\"widget\" data-widget_type=\"text-editor.default\">\n\t\t\t\t<div class=\"elementor-widget-container\">\n\t\t\t\t\t\t\t<p>Gro\u00dfe Auswahl an verschiedenen Brennweiten mit einstellbarer Blende und Fokus. Diese Objektive sind robust f\u00fcr industrielle Umgebungen konstruiert. Vibrationen oder Umwelteinfl\u00fcsse sind also sehr gut abgedeckt.  <\/p>\n\t\t\t\t\t\t<\/div>\n\t\t\t\t<\/div>\n\t\t\t\t\t<\/div>\n\t\t\t\t<\/div>\n\t\t<div class=\"elementor-element elementor-element-0e3296b e-con-full e-flex wpr-particle-no wpr-jarallax-no wpr-parallax-no wpr-sticky-section-no e-con e-parent\" data-id=\"0e3296b\" data-element_type=\"container\">\n\t\t<div class=\"elementor-element elementor-element-33b541a e-con-full e-flex wpr-particle-no wpr-jarallax-no wpr-parallax-no wpr-sticky-section-no e-con e-child\" data-id=\"33b541a\" data-element_type=\"container\">\n\t\t<div class=\"elementor-element elementor-element-af4b00e e-con-full e-flex wpr-particle-no wpr-jarallax-no wpr-parallax-no wpr-sticky-section-no e-con e-child\" data-id=\"af4b00e\" data-element_type=\"container\">\n\t\t\t\t<div class=\"elementor-element elementor-element-2d0abaa wpr-grid-columns-3 elementor-widget__width-initial wpr-grid-columns--tablet2 wpr-grid-columns--mobile1 wpr-grid-pagination-center wpr-item-styles-inner elementor-widget elementor-widget-wpr-grid\" data-id=\"2d0abaa\" data-element_type=\"widget\" data-widget_type=\"wpr-grid.default\">\n\t\t\t\t<div class=\"elementor-widget-container\">\n\t\t\t<ul class=\"wpr-grid-filters elementor-clearfix wpr-grid-filters-sep-right\"><\/ul><section class=\"wpr-grid elementor-clearfix\" data-settings=\"{&quot;layout&quot;:&quot;fitRows&quot;,&quot;stick_last_element_to_bottom&quot;:&quot;&quot;,&quot;columns_desktop&quot;:&quot;3&quot;,&quot;gutter_hr&quot;:25,&quot;gutter_hr_mobile&quot;:25,&quot;gutter_hr_mobile_extra&quot;:25,&quot;gutter_hr_tablet&quot;:25,&quot;gutter_hr_tablet_extra&quot;:25,&quot;gutter_hr_laptop&quot;:25,&quot;gutter_hr_widescreen&quot;:25,&quot;gutter_vr&quot;:30,&quot;gutter_vr_mobile&quot;:30,&quot;gutter_vr_mobile_extra&quot;:30,&quot;gutter_vr_tablet&quot;:30,&quot;gutter_vr_tablet_extra&quot;:30,&quot;gutter_vr_laptop&quot;:30,&quot;gutter_vr_widescreen&quot;:30,&quot;animation&quot;:&quot;default&quot;,&quot;animation_duration&quot;:0.299999999999999988897769753748434595763683319091796875,&quot;animation_delay&quot;:0.1000000000000000055511151231257827021181583404541015625,&quot;deeplinking&quot;:&quot;&quot;,&quot;filters_linkable&quot;:&quot;no&quot;,&quot;filters_default_filter&quot;:&quot;&quot;,&quot;filters_count&quot;:&quot;&quot;,&quot;filters_hide_empty&quot;:&quot;no&quot;,&quot;filters_animation&quot;:&quot;default&quot;,&quot;filters_animation_duration&quot;:0.299999999999999988897769753748434595763683319091796875,&quot;filters_animation_delay&quot;:0.1000000000000000055511151231257827021181583404541015625,&quot;pagination_type&quot;:&quot;load-more&quot;,&quot;pagination_max_pages&quot;:1,&quot;lightbox&quot;:{&quot;selector&quot;:&quot;.wpr-grid-image-wrap&quot;,&quot;iframeMaxWidth&quot;:&quot;60%&quot;,&quot;hash&quot;:false,&quot;autoplay&quot;:&quot;true&quot;,&quot;pause&quot;:5000,&quot;progressBar&quot;:&quot;true&quot;,&quot;counter&quot;:&quot;true&quot;,&quot;controls&quot;:&quot;true&quot;,&quot;getCaptionFromTitleOrAlt&quot;:&quot;true&quot;,&quot;thumbnail&quot;:&quot;&quot;,&quot;showThumbByDefault&quot;:&quot;&quot;,&quot;share&quot;:&quot;&quot;,&quot;zoom&quot;:&quot;true&quot;,&quot;fullScreen&quot;:&quot;true&quot;,&quot;download&quot;:&quot;true&quot;}}\"><article class=\"wpr-grid-item elementor-clearfix post-4456 post type-post status-publish format-standard has-post-thumbnail hentry category-c-mount-objektive category-industrielle-bildverarbeitung category-optisch category-produkte\"><div class=\"wpr-grid-item-inner\"><div class=\"wpr-grid-media-wrap wpr-effect-size-medium \" data-overlay-link=\"yes\"><div class=\"wpr-grid-image-wrap\" data-src=\"https:\/\/cle.e-clectic.ch\/wp-content\/uploads\/2024\/09\/C3M1616V2.jpg\" data-img-on-hover=\"\"  data-src-secondary=\"\"><img decoding=\"async\" data-no-lazy=\"1\" src=\"https:\/\/cle.e-clectic.ch\/wp-content\/uploads\/2024\/09\/C3M1616V2.jpg\" alt=\"Lensagon-c3m1616v2\" class=\"wpr-anim-timing-ease-default\"><\/div><div class=\"wpr-grid-media-hover wpr-animation-wrap\"><div class=\"wpr-grid-media-hover-bg  wpr-overlay-fade-in wpr-anim-size-large wpr-anim-timing-ease-default wpr-anim-transparency\" data-url=\"https:\/\/cle.e-clectic.ch\/de\/lensagon-c3m1616v2\/\"><\/div><\/div><\/div><div class=\"wpr-grid-item-below-content elementor-clearfix\"><h2 class=\"wpr-grid-item-title elementor-repeater-item-a5ba42f wpr-grid-item-display-block wpr-grid-item-align-left wpr-pointer-none wpr-pointer-line-fx wpr-pointer-fx-fade\"><div class=\"inner-block\"><a target=\"_self\"  href=\"https:\/\/cle.e-clectic.ch\/de\/lensagon-c3m1616v2\/\">Lensagon-c3m1616v2<\/a><\/div><\/h2><div class=\"wpr-grid-item-excerpt elementor-repeater-item-f935183 wpr-grid-item-display-block wpr-grid-item-align-left\"><div class=\"inner-block\"><p>Lorem ipsum dolor sit amet, consectetur adipiscing elit.<\/p><\/div><\/div><div class=\"wpr-grid-item-read-more elementor-repeater-item-780c92f wpr-grid-item-display-block wpr-grid-item-align-left\"><div class=\"inner-block\"><a target=\"_self\" href=\"https:\/\/cle.e-clectic.ch\/de\/lensagon-c3m1616v2\/\" class=\"wpr-button-effect wpr-button-none\"><span>Mehr lesen<\/span><\/a><\/div><\/div><\/div><\/div><\/article><article class=\"wpr-grid-item elementor-clearfix post-4270 post type-post status-publish format-standard has-post-thumbnail hentry category-c-mount-objektive category-industrielle-bildverarbeitung category-optisch category-produkte\"><div class=\"wpr-grid-item-inner\"><div class=\"wpr-grid-media-wrap wpr-effect-size-medium \" data-overlay-link=\"yes\"><div class=\"wpr-grid-image-wrap\" data-src=\"https:\/\/cle.e-clectic.ch\/wp-content\/uploads\/2024\/09\/C5M0818V2.jpg\" data-img-on-hover=\"\"  data-src-secondary=\"\"><img decoding=\"async\" data-no-lazy=\"1\" src=\"https:\/\/cle.e-clectic.ch\/wp-content\/uploads\/2024\/09\/C5M0818V2.jpg\" alt=\"Lensagon C5M0818V2\" class=\"wpr-anim-timing-ease-default\"><\/div><div class=\"wpr-grid-media-hover wpr-animation-wrap\"><div class=\"wpr-grid-media-hover-bg  wpr-overlay-fade-in wpr-anim-size-large wpr-anim-timing-ease-default wpr-anim-transparency\" data-url=\"https:\/\/cle.e-clectic.ch\/de\/lensagon-c5m0818v2\/\"><\/div><\/div><\/div><div class=\"wpr-grid-item-below-content elementor-clearfix\"><h2 class=\"wpr-grid-item-title elementor-repeater-item-a5ba42f wpr-grid-item-display-block wpr-grid-item-align-left wpr-pointer-none wpr-pointer-line-fx wpr-pointer-fx-fade\"><div class=\"inner-block\"><a target=\"_self\"  href=\"https:\/\/cle.e-clectic.ch\/de\/lensagon-c5m0818v2\/\">Lensagon C5M0818V2<\/a><\/div><\/h2><div class=\"wpr-grid-item-excerpt elementor-repeater-item-f935183 wpr-grid-item-display-block wpr-grid-item-align-left\"><div class=\"inner-block\"><p>Home \/ 5 Megapixel C-Mount Objektiv f\u00fcr 2\/3 Zoll Sensoren, F1.8, f=8mm Das C-Mount-Objektiv Lensagon C5M0818V2 ist f\u00fcr g\u00e4ngige Sensoren&hellip;<\/p><\/div><\/div><div class=\"wpr-grid-item-read-more elementor-repeater-item-780c92f wpr-grid-item-display-block wpr-grid-item-align-left\"><div class=\"inner-block\"><a target=\"_self\" href=\"https:\/\/cle.e-clectic.ch\/de\/lensagon-c5m0818v2\/\" class=\"wpr-button-effect wpr-button-none\"><span>Mehr lesen<\/span><\/a><\/div><\/div><\/div><\/div><\/article><\/section>\t\t<\/div>\n\t\t\t\t<\/div>\n\t\t\t\t<\/div>\n\t\t<div class=\"elementor-element elementor-element-14757a1 e-con-full e-flex wpr-particle-no wpr-jarallax-no wpr-parallax-no wpr-sticky-section-no e-con e-child\" data-id=\"14757a1\" data-element_type=\"container\">\n\t\t\t\t<div class=\"elementor-element elementor-element-c08fbd1 elementor-widget elementor-widget-sidebar\" data-id=\"c08fbd1\" data-element_type=\"widget\" data-widget_type=\"sidebar.default\">\n\t\t\t\t<div class=\"elementor-widget-container\">\n\t\t\t<div id=\"nav_menu-13\" class=\"widget-container widget_nav_menu\"><div class=\"menu-c-mount-lenses-german-container\"><ul id=\"menu-c-mount-lenses-german\" class=\"menu\"><li id=\"menu-item-4139\" class=\"menu-item menu-item-type-taxonomy menu-item-object-category menu-item-has-children menu-item-4139\"><a href=\"https:\/\/cle.e-clectic.ch\/de\/category\/produkte\/industrielle-bildverarbeitung\/optisch\/c-mount-objektive\/\">C-Mount Objektive<\/a>\n<ul class=\"sub-menu\">\n\t<li id=\"menu-item-4626\" class=\"menu-item menu-item-type-post_type menu-item-object-post menu-item-4626\"><a href=\"https:\/\/cle.e-clectic.ch\/de\/lensagon-c3m1616v2\/\">Lensagon-c3m1616v2<\/a><\/li>\n\t<li id=\"menu-item-4420\" class=\"menu-item menu-item-type-post_type menu-item-object-post menu-item-4420\"><a href=\"https:\/\/cle.e-clectic.ch\/de\/lensagon-c5m0818v2\/\">Lensagon C5M0818V2<\/a><\/li>\n<\/ul>\n<\/li>\n<\/ul><\/div><\/div>\t\t<\/div>\n\t\t\t\t<\/div>\n\t\t\t\t<\/div>\n\t\t\t\t<\/div>\n\t\t\t\t<\/div>\n\t\t\t\t<\/div>\n\t\t","protected":false},"excerpt":{"rendered":"<p>Home \/ Gro\u00dfe Auswahl an verschiedenen Brennweiten mit einstellbarer Blende und Fokus. Diese Objektive sind robust f\u00fcr industrielle Umgebungen konstruiert. Vibrationen oder Umwelteinfl\u00fcsse sind also&#8230;<\/p>\n","protected":false},"author":1,"featured_media":3588,"parent":0,"menu_order":0,"comment_status":"closed","ping_status":"closed","template":"","meta":{"inline_featured_image":false,"footnotes":""},"categories":[84,85,86],"tags":[],"class_list":["post-4054","page","type-page","status-publish","has-post-thumbnail","hentry","category-c-mount-objektive","category-industrielle-bildverarbeitung","category-optisch"],"yoast_head":"<!-- This site is optimized with the Yoast SEO plugin v24.1 - https:\/\/yoast.com\/wordpress\/plugins\/seo\/ -->\n<title>C-Mount Objektive - CL Electronics<\/title>\n<meta name=\"robots\" content=\"noindex, follow, max-snippet:-1, max-image-preview:large, max-video-preview:-1\" \/>\n<meta property=\"og:locale\" content=\"de_DE\" \/>\n<meta property=\"og:type\" content=\"article\" \/>\n<meta property=\"og:title\" content=\"C-Mount Objektive - CL Electronics\" \/>\n<meta property=\"og:description\" content=\"Home \/ Gro\u00dfe Auswahl an verschiedenen Brennweiten mit einstellbarer Blende und Fokus. Diese Objektive sind robust f\u00fcr industrielle Umgebungen konstruiert. Vibrationen oder Umwelteinfl\u00fcsse sind also...\" \/>\n<meta property=\"og:url\" content=\"https:\/\/cle.e-clectic.ch\/c-mount-lenses\/\" \/>\n<meta property=\"og:site_name\" content=\"CL Electronics\" \/>\n<meta property=\"article:modified_time\" content=\"2024-12-27T14:00:55+00:00\" \/>\n<meta property=\"og:image\" content=\"https:\/\/cle.e-clectic.ch\/wp-content\/uploads\/2024\/09\/fixe-focus.jpg\" \/>\n\t<meta property=\"og:image:width\" content=\"500\" \/>\n\t<meta property=\"og:image:height\" content=\"500\" \/>\n\t<meta property=\"og:image:type\" content=\"image\/jpeg\" \/>\n<meta name=\"twitter:card\" content=\"summary_large_image\" \/>\n<meta name=\"twitter:label1\" content=\"Gesch\u00e4tzte Lesezeit\" \/>\n\t<meta name=\"twitter:data1\" content=\"1\u00a0Minute\" \/>\n<script type=\"application\/ld+json\" class=\"yoast-schema-graph\">{\"@context\":\"https:\/\/schema.org\",\"@graph\":[{\"@type\":\"WebPage\",\"@id\":\"https:\/\/cle.e-clectic.ch\/c-mount-lenses\/\",\"url\":\"https:\/\/cle.e-clectic.ch\/c-mount-lenses\/\",\"name\":\"C-Mount Objektive - CL Electronics\",\"isPartOf\":{\"@id\":\"https:\/\/cle.e-clectic.ch\/#website\"},\"primaryImageOfPage\":{\"@id\":\"https:\/\/cle.e-clectic.ch\/c-mount-lenses\/#primaryimage\"},\"image\":{\"@id\":\"https:\/\/cle.e-clectic.ch\/c-mount-lenses\/#primaryimage\"},\"thumbnailUrl\":\"https:\/\/cle.e-clectic.ch\/wp-content\/uploads\/2024\/09\/fixe-focus.jpg\",\"datePublished\":\"2024-09-05T16:00:56+00:00\",\"dateModified\":\"2024-12-27T14:00:55+00:00\",\"breadcrumb\":{\"@id\":\"https:\/\/cle.e-clectic.ch\/c-mount-lenses\/#breadcrumb\"},\"inLanguage\":\"de\",\"potentialAction\":[{\"@type\":\"ReadAction\",\"target\":[\"https:\/\/cle.e-clectic.ch\/c-mount-lenses\/\"]}]},{\"@type\":\"ImageObject\",\"inLanguage\":\"de\",\"@id\":\"https:\/\/cle.e-clectic.ch\/c-mount-lenses\/#primaryimage\",\"url\":\"https:\/\/cle.e-clectic.ch\/wp-content\/uploads\/2024\/09\/fixe-focus.jpg\",\"contentUrl\":\"https:\/\/cle.e-clectic.ch\/wp-content\/uploads\/2024\/09\/fixe-focus.jpg\",\"width\":500,\"height\":500},{\"@type\":\"BreadcrumbList\",\"@id\":\"https:\/\/cle.e-clectic.ch\/c-mount-lenses\/#breadcrumb\",\"itemListElement\":[{\"@type\":\"ListItem\",\"position\":1,\"name\":\"Home\",\"item\":\"https:\/\/cle.e-clectic.ch\/\"},{\"@type\":\"ListItem\",\"position\":2,\"name\":\"C-Mount Objektive\"}]},{\"@type\":\"WebSite\",\"@id\":\"https:\/\/cle.e-clectic.ch\/#website\",\"url\":\"https:\/\/cle.e-clectic.ch\/\",\"name\":\"CL Electronics\",\"description\":\"\",\"publisher\":{\"@id\":\"https:\/\/cle.e-clectic.ch\/#organization\"},\"potentialAction\":[{\"@type\":\"SearchAction\",\"target\":{\"@type\":\"EntryPoint\",\"urlTemplate\":\"https:\/\/cle.e-clectic.ch\/?s={search_term_string}\"},\"query-input\":{\"@type\":\"PropertyValueSpecification\",\"valueRequired\":true,\"valueName\":\"search_term_string\"}}],\"inLanguage\":\"de\"},{\"@type\":\"Organization\",\"@id\":\"https:\/\/cle.e-clectic.ch\/#organization\",\"name\":\"CL Electronics\",\"url\":\"https:\/\/cle.e-clectic.ch\/\",\"logo\":{\"@type\":\"ImageObject\",\"inLanguage\":\"de\",\"@id\":\"https:\/\/cle.e-clectic.ch\/#\/schema\/logo\/image\/\",\"url\":\"https:\/\/cle.e-clectic.ch\/wp-content\/uploads\/2024\/09\/CL_Electronics_blu.png\",\"contentUrl\":\"https:\/\/cle.e-clectic.ch\/wp-content\/uploads\/2024\/09\/CL_Electronics_blu.png\",\"width\":480,\"height\":273,\"caption\":\"CL Electronics\"},\"image\":{\"@id\":\"https:\/\/cle.e-clectic.ch\/#\/schema\/logo\/image\/\"}}]}<\/script>\n<!-- \/ Yoast SEO plugin. -->","yoast_head_json":{"title":"C-Mount Objektive - CL Electronics","robots":{"index":"noindex","follow":"follow","max-snippet":"max-snippet:-1","max-image-preview":"max-image-preview:large","max-video-preview":"max-video-preview:-1"},"og_locale":"de_DE","og_type":"article","og_title":"C-Mount Objektive - CL Electronics","og_description":"Home \/ Gro\u00dfe Auswahl an verschiedenen Brennweiten mit einstellbarer Blende und Fokus. Diese Objektive sind robust f\u00fcr industrielle Umgebungen konstruiert. Vibrationen oder Umwelteinfl\u00fcsse sind also...","og_url":"https:\/\/cle.e-clectic.ch\/c-mount-lenses\/","og_site_name":"CL Electronics","article_modified_time":"2024-12-27T14:00:55+00:00","og_image":[{"width":500,"height":500,"url":"https:\/\/cle.e-clectic.ch\/wp-content\/uploads\/2024\/09\/fixe-focus.jpg","type":"image\/jpeg"}],"twitter_card":"summary_large_image","twitter_misc":{"Gesch\u00e4tzte Lesezeit":"1\u00a0Minute"},"schema":{"@context":"https:\/\/schema.org","@graph":[{"@type":"WebPage","@id":"https:\/\/cle.e-clectic.ch\/c-mount-lenses\/","url":"https:\/\/cle.e-clectic.ch\/c-mount-lenses\/","name":"C-Mount Objektive - CL Electronics","isPartOf":{"@id":"https:\/\/cle.e-clectic.ch\/#website"},"primaryImageOfPage":{"@id":"https:\/\/cle.e-clectic.ch\/c-mount-lenses\/#primaryimage"},"image":{"@id":"https:\/\/cle.e-clectic.ch\/c-mount-lenses\/#primaryimage"},"thumbnailUrl":"https:\/\/cle.e-clectic.ch\/wp-content\/uploads\/2024\/09\/fixe-focus.jpg","datePublished":"2024-09-05T16:00:56+00:00","dateModified":"2024-12-27T14:00:55+00:00","breadcrumb":{"@id":"https:\/\/cle.e-clectic.ch\/c-mount-lenses\/#breadcrumb"},"inLanguage":"de","potentialAction":[{"@type":"ReadAction","target":["https:\/\/cle.e-clectic.ch\/c-mount-lenses\/"]}]},{"@type":"ImageObject","inLanguage":"de","@id":"https:\/\/cle.e-clectic.ch\/c-mount-lenses\/#primaryimage","url":"https:\/\/cle.e-clectic.ch\/wp-content\/uploads\/2024\/09\/fixe-focus.jpg","contentUrl":"https:\/\/cle.e-clectic.ch\/wp-content\/uploads\/2024\/09\/fixe-focus.jpg","width":500,"height":500},{"@type":"BreadcrumbList","@id":"https:\/\/cle.e-clectic.ch\/c-mount-lenses\/#breadcrumb","itemListElement":[{"@type":"ListItem","position":1,"name":"Home","item":"https:\/\/cle.e-clectic.ch\/"},{"@type":"ListItem","position":2,"name":"C-Mount Objektive"}]},{"@type":"WebSite","@id":"https:\/\/cle.e-clectic.ch\/#website","url":"https:\/\/cle.e-clectic.ch\/","name":"CL Electronics","description":"","publisher":{"@id":"https:\/\/cle.e-clectic.ch\/#organization"},"potentialAction":[{"@type":"SearchAction","target":{"@type":"EntryPoint","urlTemplate":"https:\/\/cle.e-clectic.ch\/?s={search_term_string}"},"query-input":{"@type":"PropertyValueSpecification","valueRequired":true,"valueName":"search_term_string"}}],"inLanguage":"de"},{"@type":"Organization","@id":"https:\/\/cle.e-clectic.ch\/#organization","name":"CL Electronics","url":"https:\/\/cle.e-clectic.ch\/","logo":{"@type":"ImageObject","inLanguage":"de","@id":"https:\/\/cle.e-clectic.ch\/#\/schema\/logo\/image\/","url":"https:\/\/cle.e-clectic.ch\/wp-content\/uploads\/2024\/09\/CL_Electronics_blu.png","contentUrl":"https:\/\/cle.e-clectic.ch\/wp-content\/uploads\/2024\/09\/CL_Electronics_blu.png","width":480,"height":273,"caption":"CL Electronics"},"image":{"@id":"https:\/\/cle.e-clectic.ch\/#\/schema\/logo\/image\/"}}]}},"_links":{"self":[{"href":"https:\/\/cle.e-clectic.ch\/de\/wp-json\/wp\/v2\/pages\/4054","targetHints":{"allow":["GET"]}}],"collection":[{"href":"https:\/\/cle.e-clectic.ch\/de\/wp-json\/wp\/v2\/pages"}],"about":[{"href":"https:\/\/cle.e-clectic.ch\/de\/wp-json\/wp\/v2\/types\/page"}],"author":[{"embeddable":true,"href":"https:\/\/cle.e-clectic.ch\/de\/wp-json\/wp\/v2\/users\/1"}],"replies":[{"embeddable":true,"href":"https:\/\/cle.e-clectic.ch\/de\/wp-json\/wp\/v2\/comments?post=4054"}],"version-history":[{"count":4,"href":"https:\/\/cle.e-clectic.ch\/de\/wp-json\/wp\/v2\/pages\/4054\/revisions"}],"predecessor-version":[{"id":4254,"href":"https:\/\/cle.e-clectic.ch\/de\/wp-json\/wp\/v2\/pages\/4054\/revisions\/4254"}],"wp:featuredmedia":[{"embeddable":true,"href":"https:\/\/cle.e-clectic.ch\/de\/wp-json\/wp\/v2\/media\/3588"}],"wp:attachment":[{"href":"https:\/\/cle.e-clectic.ch\/de\/wp-json\/wp\/v2\/media?parent=4054"}],"wp:term":[{"taxonomy":"category","embeddable":true,"href":"https:\/\/cle.e-clectic.ch\/de\/wp-json\/wp\/v2\/categories?post=4054"},{"taxonomy":"post_tag","embeddable":true,"href":"https:\/\/cle.e-clectic.ch\/de\/wp-json\/wp\/v2\/tags?post=4054"}],"curies":[{"name":"wp","href":"https:\/\/api.w.org\/{rel}","templated":true}]}}