{"id":4061,"date":"2024-10-07T11:18:16","date_gmt":"2024-10-07T09:18:16","guid":{"rendered":"https:\/\/cle.e-clectic.ch\/unternehmen\/"},"modified":"2025-02-28T15:14:50","modified_gmt":"2025-02-28T14:14:50","slug":"unternehmen","status":"publish","type":"page","link":"https:\/\/cle.e-clectic.ch\/de\/unternehmen\/","title":{"rendered":"Unternehmen"},"content":{"rendered":"\t\t<div data-elementor-type=\"wp-page\" data-elementor-id=\"4061\" class=\"elementor elementor-4061 elementor-2658\" data-elementor-post-type=\"page\">\n\t\t\t\t<div class=\"elementor-element elementor-element-a441d4e e-flex e-con-boxed wpr-particle-no wpr-jarallax-no wpr-parallax-no wpr-sticky-section-no e-con e-parent\" data-id=\"a441d4e\" data-element_type=\"container\">\n\t\t\t\t\t<div class=\"e-con-inner\">\n\t\t\t\t\t<\/div>\n\t\t\t\t<\/div>\n\t\t<div class=\"elementor-element elementor-element-09ff6d0 e-flex e-con-boxed wpr-particle-no wpr-jarallax-no wpr-parallax-no wpr-sticky-section-no e-con e-parent\" data-id=\"09ff6d0\" data-element_type=\"container\">\n\t\t\t\t\t<div class=\"e-con-inner\">\n\t\t\t\t\t<\/div>\n\t\t\t\t<\/div>\n\t\t<div class=\"elementor-element elementor-element-ecb7da0 e-con-full e-flex wpr-particle-no wpr-jarallax-no wpr-parallax-no wpr-sticky-section-no e-con e-parent\" data-id=\"ecb7da0\" data-element_type=\"container\">\n\t\t\t\t<div class=\"elementor-element elementor-element-f3ac96e elementor-widget elementor-widget-image\" data-id=\"f3ac96e\" data-element_type=\"widget\" data-widget_type=\"image.default\">\n\t\t\t\t<div class=\"elementor-widget-container\">\n\t\t\t\t\t\t\t\t\t\t\t\t\t<img decoding=\"async\" src=\"https:\/\/cle.e-clectic.ch\/wp-content\/uploads\/elementor\/thumbs\/LiDAR3-copia-qv0n14ereig5sbkeinlliu95hvsjk9cer9j2x1mwps.jpg\" title=\"LiDAR3 copia\" alt=\"\" loading=\"lazy\" \/>\t\t\t\t\t\t\t\t\t\t\t\t\t<\/div>\n\t\t\t\t<\/div>\n\t\t<div class=\"elementor-element elementor-element-950fd56 e-con-full e-flex wpr-particle-no wpr-jarallax-no wpr-parallax-no wpr-sticky-section-no e-con e-child\" data-id=\"950fd56\" data-element_type=\"container\">\n\t\t<div class=\"elementor-element elementor-element-b30bc6f e-con-full e-flex wpr-particle-no wpr-jarallax-no wpr-parallax-no wpr-sticky-section-no e-con e-child\" data-id=\"b30bc6f\" data-element_type=\"container\">\n\t\t\t\t<div class=\"elementor-element elementor-element-5205e49 elementor-widget elementor-widget-text-editor\" data-id=\"5205e49\" data-element_type=\"widget\" data-widget_type=\"text-editor.default\">\n\t\t\t\t<div class=\"elementor-widget-container\">\n\t\t\t\t\t\t\t<h3>INNOVATIVE PRODUKTE<\/h3>\t\t\t\t\t\t<\/div>\n\t\t\t\t<\/div>\n\t\t\t\t<div class=\"elementor-element elementor-element-7ffd91c elementor-widget elementor-widget-text-editor\" data-id=\"7ffd91c\" data-element_type=\"widget\" data-widget_type=\"text-editor.default\">\n\t\t\t\t<div class=\"elementor-widget-container\">\n\t\t\t\t\t\t\t<p>Unsere Produkte zeichnen sich durch ihre Innovation und hochwertige Qualit\u00e4t aus. Wir haben uns verpflichtet, die h\u00f6chsten Standards zu erf\u00fcllen und sicherzustellen, dass jede von uns angebotene L\u00f6sung zuverl\u00e4ssig, effizient und auf die Bed\u00fcrfnisse unserer Kunden zugeschnitten ist.<\/p>\t\t\t\t\t\t<\/div>\n\t\t\t\t<\/div>\n\t\t\t\t<\/div>\n\t\t<div class=\"elementor-element elementor-element-fde6de4 e-con-full e-flex wpr-particle-no wpr-jarallax-no wpr-parallax-no wpr-sticky-section-no e-con e-child\" data-id=\"fde6de4\" data-element_type=\"container\">\n\t\t\t\t<div class=\"elementor-element elementor-element-4821bd3 elementor-widget elementor-widget-text-editor\" data-id=\"4821bd3\" data-element_type=\"widget\" data-widget_type=\"text-editor.default\">\n\t\t\t\t<div class=\"elementor-widget-container\">\n\t\t\t\t\t\t\t<h3 class=\"et_pb_module_header\"><span>QUALIFIZIERTE PARTNERSCHAFT<\/span><\/h3>\n\t\t\t\t\t\t<\/div>\n\t\t\t\t<\/div>\n\t\t\t\t<div class=\"elementor-element elementor-element-acd6625 elementor-widget elementor-widget-text-editor\" data-id=\"acd6625\" data-element_type=\"widget\" data-widget_type=\"text-editor.default\">\n\t\t\t\t<div class=\"elementor-widget-container\">\n\t\t\t\t\t\t\t<p>Unser Ziel ist es, eine Partnerschaft mit unseren Kunden und Lieferanten aufzubauen. Der pers\u00f6nliche Kontakt und eine gute Beziehung sind f\u00fcr uns von gr\u00f6sster Bedeutung. Nur eine funktionierende Partnerschaft f\u00fchrt zum Erfolg!<\/p>\t\t\t\t\t\t<\/div>\n\t\t\t\t<\/div>\n\t\t\t\t<\/div>\n\t\t<div class=\"elementor-element elementor-element-b409416 e-con-full e-flex wpr-particle-no wpr-jarallax-no wpr-parallax-no wpr-sticky-section-no e-con e-child\" data-id=\"b409416\" data-element_type=\"container\">\n\t\t\t\t<div class=\"elementor-element elementor-element-3a06f1f elementor-widget elementor-widget-text-editor\" data-id=\"3a06f1f\" data-element_type=\"widget\" data-widget_type=\"text-editor.default\">\n\t\t\t\t<div class=\"elementor-widget-container\">\n\t\t\t\t\t\t\t<h3 class=\"et_pb_module_header\"><span>EIN MOTIVIERTES TEAM<\/span><\/h3>\n\t\t\t\t\t\t<\/div>\n\t\t\t\t<\/div>\n\t\t\t\t<div class=\"elementor-element elementor-element-aae2ea4 elementor-widget elementor-widget-text-editor\" data-id=\"aae2ea4\" data-element_type=\"widget\" data-widget_type=\"text-editor.default\">\n\t\t\t\t<div class=\"elementor-widget-container\">\n\t\t\t\t\t\t\t<p>Wir sind ein motiviertes und erfahrenes Team und immer auf der Suche nach den besten L\u00f6sungen f\u00fcr die Projekte unserer Kunden. Wir unterst\u00fctzen und beraten unsere Kunden vor, w\u00e4hrend und nach dem Kauf.<\/p>\n\t\t\t\t\t\t<\/div>\n\t\t\t\t<\/div>\n\t\t\t\t<\/div>\n\t\t\t\t<\/div>\n\t\t\t\t<\/div>\n\t\t<div class=\"elementor-element elementor-element-07d66b4 e-con-full e-flex wpr-particle-no wpr-jarallax-no wpr-parallax-no wpr-sticky-section-no e-con e-parent\" data-id=\"07d66b4\" data-element_type=\"container\" data-settings=\"{&quot;background_background&quot;:&quot;classic&quot;}\">\n\t\t<div class=\"elementor-element elementor-element-a64afd2 e-flex e-con-boxed wpr-particle-no wpr-jarallax-no wpr-parallax-no wpr-sticky-section-no e-con e-child\" data-id=\"a64afd2\" data-element_type=\"container\">\n\t\t\t\t\t<div class=\"e-con-inner\">\n\t\t<div class=\"elementor-element elementor-element-3f3493d e-con-full e-flex wpr-particle-no wpr-jarallax-no wpr-parallax-no wpr-sticky-section-no e-con e-child\" data-id=\"3f3493d\" data-element_type=\"container\">\n\t\t\t\t<div class=\"elementor-element elementor-element-070b859 elementor-widget elementor-widget-text-editor\" data-id=\"070b859\" data-element_type=\"widget\" data-widget_type=\"text-editor.default\">\n\t\t\t\t<div class=\"elementor-widget-container\">\n\t\t\t\t\t\t\t<p><strong>Ihr Partner f\u00fcr innovative Technologien und verl\u00e4ssliche L\u00f6sungen<\/strong><\/p><p>Seit \u00fcber 30 Jahren steht die CL-Electronics GmbH f\u00fcr Expertise, Qualit\u00e4t und Vertrauen. Als f\u00fchrendes Handelsunternehmen bieten wir umfassende L\u00f6sungen in den Bereichen Stromversorgung, elektromagnetische Vertr\u00e4glichkeit (EMV), industrielle Bildverarbeitung und Video-Geb\u00e4udesicherheit.<\/p><p><strong>Technische Kompetenz und pers\u00f6nliche Beratung<\/strong><\/p><p>Unse Vertriebsmitarbeiter bringen nicht nur fundierte technische Kenntnisse mit, sondern auch ein tiefes Verst\u00e4ndnis f\u00fcr die individuellen Anforderungen unserer Kunden. Ob komplexe Herausforderungen oder spezifische Anwendungsf\u00e4lle &#8211; wir nehmen uns die Zeit f\u00fcr Sie, die optimale L\u00f6sung zu finden.<\/p><p><strong>Breites Sortiment &#8211; maximale Flexibilit\u00e4t<\/strong><\/p><p>Mit einem breit gef\u00e4cherten Produktportfolio sind wir in der Lage, Ihnen stets die besten Optionen anzubieten. Anders als viele andere Anbieter sind wir nicht an eine einzige Produktlinie gebunden. Das bedeutet: wir empfehlen, Ihnen nur das, was wirklich zu Ihren Bed\u00fcrfnissen passt &#8211; unabh\u00e4ngig, flexibel und l\u00f6sungsorientiert.<\/p><p><strong>Warum CL-Electronics GmbH w\u00e4hlen?<\/strong><\/p><ul><li><p><strong>Langj\u00e4hrige Erfahrung:<\/strong> Seit \u00fcber drei Jahrzehnte in der Branche.<\/p><\/li><li><p><strong>Technisches Expertise:<\/strong> Kompetente Beratung durch Fachleute mit technischer Ausbildung.<\/p><\/li><li><p><strong>Individuelle L\u00f6sungen:<\/strong> Produkte und Systeme, die genau auf Ihre Anforderungen zugeschnitten sind.<\/p><\/li><li><p><strong>Neutralit\u00e4t:<\/strong> Kein Verkaufsdruck &#8211; wir suchen das passende Produkt, nicht nur die erste verf\u00fcgbare Option.<\/p><\/li><\/ul><p>Lassen Sie sich von unserer Expertise \u00fcberzeugen und profitieren Sie von unserer Erfahrung. Gemeinsam entwickeln wir L\u00f6sungen, die Ihre Erwartungen nicht nur erf\u00fcllen, sondern \u00fcbertreffen.<\/p><p><a href=\"https:\/\/cle.e-clectic.ch\/de\/kontakte\/\"><strong>Kontaktieren Sie uns noch heute!<\/strong><\/a><\/p>\t\t\t\t\t\t<\/div>\n\t\t\t\t<\/div>\n\t\t\t\t<\/div>\n\t\t\t\t\t<\/div>\n\t\t\t\t<\/div>\n\t\t\t\t<\/div>\n\t\t\t\t<\/div>\n\t\t","protected":false},"excerpt":{"rendered":"<p>Startseite \/ Unternehmen INNOVATIVE PRODUKTE Unsere Produkte zeichnen sich durch ihre Innovation und hochwertige Qualit\u00e4t aus. Wir haben uns verpflichtet, die h\u00f6chsten Standards zu erf\u00fcllen&#8230;<\/p>\n","protected":false},"author":1,"featured_media":0,"parent":0,"menu_order":0,"comment_status":"closed","ping_status":"closed","template":"","meta":{"inline_featured_image":false,"footnotes":""},"categories":[],"tags":[],"class_list":["post-4061","page","type-page","status-publish","hentry"],"yoast_head":"<!-- This site is optimized with the Yoast SEO plugin v24.1 - https:\/\/yoast.com\/wordpress\/plugins\/seo\/ -->\n<title>Unternehmen - CL Electronics<\/title>\n<meta name=\"robots\" content=\"noindex, follow, max-snippet:-1, max-image-preview:large, max-video-preview:-1\" \/>\n<meta property=\"og:locale\" content=\"de_DE\" \/>\n<meta property=\"og:type\" content=\"article\" \/>\n<meta property=\"og:title\" content=\"Unternehmen - CL Electronics\" \/>\n<meta property=\"og:description\" content=\"Startseite \/ Unternehmen INNOVATIVE PRODUKTE Unsere Produkte zeichnen sich durch ihre Innovation und hochwertige Qualit\u00e4t aus. Wir haben uns verpflichtet, die h\u00f6chsten Standards zu erf\u00fcllen...\" \/>\n<meta property=\"og:url\" content=\"https:\/\/cle.e-clectic.ch\/company\/\" \/>\n<meta property=\"og:site_name\" content=\"CL Electronics\" \/>\n<meta property=\"article:modified_time\" content=\"2025-02-28T14:14:50+00:00\" \/>\n<meta property=\"og:image\" content=\"https:\/\/cle.e-clectic.ch\/wp-content\/uploads\/elementor\/thumbs\/LiDAR3-copia-qv0n14ereig5sbkeinlliu95hvsjk9cer9j2mglhk0.jpg\" \/>\n<meta name=\"twitter:card\" content=\"summary_large_image\" \/>\n<meta name=\"twitter:label1\" content=\"Gesch\u00e4tzte Lesezeit\" \/>\n\t<meta name=\"twitter:data1\" content=\"3\u00a0Minuten\" \/>\n<script type=\"application\/ld+json\" class=\"yoast-schema-graph\">{\"@context\":\"https:\/\/schema.org\",\"@graph\":[{\"@type\":\"WebPage\",\"@id\":\"https:\/\/cle.e-clectic.ch\/company\/\",\"url\":\"https:\/\/cle.e-clectic.ch\/company\/\",\"name\":\"Unternehmen - CL Electronics\",\"isPartOf\":{\"@id\":\"https:\/\/cle.e-clectic.ch\/#website\"},\"primaryImageOfPage\":{\"@id\":\"https:\/\/cle.e-clectic.ch\/company\/#primaryimage\"},\"image\":{\"@id\":\"https:\/\/cle.e-clectic.ch\/company\/#primaryimage\"},\"thumbnailUrl\":\"https:\/\/cle.e-clectic.ch\/wp-content\/uploads\/elementor\/thumbs\/LiDAR3-copia-qv0n14ereig5sbkeinlliu95hvsjk9cer9j2mglhk0.jpg\",\"datePublished\":\"2024-10-07T09:18:16+00:00\",\"dateModified\":\"2025-02-28T14:14:50+00:00\",\"breadcrumb\":{\"@id\":\"https:\/\/cle.e-clectic.ch\/company\/#breadcrumb\"},\"inLanguage\":\"de\",\"potentialAction\":[{\"@type\":\"ReadAction\",\"target\":[\"https:\/\/cle.e-clectic.ch\/company\/\"]}]},{\"@type\":\"ImageObject\",\"inLanguage\":\"de\",\"@id\":\"https:\/\/cle.e-clectic.ch\/company\/#primaryimage\",\"url\":\"https:\/\/cle.e-clectic.ch\/wp-content\/uploads\/elementor\/thumbs\/LiDAR3-copia-qv0n14ereig5sbkeinlliu95hvsjk9cer9j2mglhk0.jpg\",\"contentUrl\":\"https:\/\/cle.e-clectic.ch\/wp-content\/uploads\/elementor\/thumbs\/LiDAR3-copia-qv0n14ereig5sbkeinlliu95hvsjk9cer9j2mglhk0.jpg\"},{\"@type\":\"BreadcrumbList\",\"@id\":\"https:\/\/cle.e-clectic.ch\/company\/#breadcrumb\",\"itemListElement\":[{\"@type\":\"ListItem\",\"position\":1,\"name\":\"Home\",\"item\":\"https:\/\/cle.e-clectic.ch\/\"},{\"@type\":\"ListItem\",\"position\":2,\"name\":\"Unternehmen\"}]},{\"@type\":\"WebSite\",\"@id\":\"https:\/\/cle.e-clectic.ch\/#website\",\"url\":\"https:\/\/cle.e-clectic.ch\/\",\"name\":\"CL Electronics\",\"description\":\"\",\"publisher\":{\"@id\":\"https:\/\/cle.e-clectic.ch\/#organization\"},\"potentialAction\":[{\"@type\":\"SearchAction\",\"target\":{\"@type\":\"EntryPoint\",\"urlTemplate\":\"https:\/\/cle.e-clectic.ch\/?s={search_term_string}\"},\"query-input\":{\"@type\":\"PropertyValueSpecification\",\"valueRequired\":true,\"valueName\":\"search_term_string\"}}],\"inLanguage\":\"de\"},{\"@type\":\"Organization\",\"@id\":\"https:\/\/cle.e-clectic.ch\/#organization\",\"name\":\"CL Electronics\",\"url\":\"https:\/\/cle.e-clectic.ch\/\",\"logo\":{\"@type\":\"ImageObject\",\"inLanguage\":\"de\",\"@id\":\"https:\/\/cle.e-clectic.ch\/#\/schema\/logo\/image\/\",\"url\":\"https:\/\/cle.e-clectic.ch\/wp-content\/uploads\/2024\/09\/CL_Electronics_blu.png\",\"contentUrl\":\"https:\/\/cle.e-clectic.ch\/wp-content\/uploads\/2024\/09\/CL_Electronics_blu.png\",\"width\":480,\"height\":273,\"caption\":\"CL Electronics\"},\"image\":{\"@id\":\"https:\/\/cle.e-clectic.ch\/#\/schema\/logo\/image\/\"}}]}<\/script>\n<!-- \/ Yoast SEO plugin. -->","yoast_head_json":{"title":"Unternehmen - CL Electronics","robots":{"index":"noindex","follow":"follow","max-snippet":"max-snippet:-1","max-image-preview":"max-image-preview:large","max-video-preview":"max-video-preview:-1"},"og_locale":"de_DE","og_type":"article","og_title":"Unternehmen - CL Electronics","og_description":"Startseite \/ Unternehmen INNOVATIVE PRODUKTE Unsere Produkte zeichnen sich durch ihre Innovation und hochwertige Qualit\u00e4t aus. Wir haben uns verpflichtet, die h\u00f6chsten Standards zu erf\u00fcllen...","og_url":"https:\/\/cle.e-clectic.ch\/company\/","og_site_name":"CL Electronics","article_modified_time":"2025-02-28T14:14:50+00:00","og_image":[{"url":"https:\/\/cle.e-clectic.ch\/wp-content\/uploads\/elementor\/thumbs\/LiDAR3-copia-qv0n14ereig5sbkeinlliu95hvsjk9cer9j2mglhk0.jpg","type":"","width":"","height":""}],"twitter_card":"summary_large_image","twitter_misc":{"Gesch\u00e4tzte Lesezeit":"3\u00a0Minuten"},"schema":{"@context":"https:\/\/schema.org","@graph":[{"@type":"WebPage","@id":"https:\/\/cle.e-clectic.ch\/company\/","url":"https:\/\/cle.e-clectic.ch\/company\/","name":"Unternehmen - CL Electronics","isPartOf":{"@id":"https:\/\/cle.e-clectic.ch\/#website"},"primaryImageOfPage":{"@id":"https:\/\/cle.e-clectic.ch\/company\/#primaryimage"},"image":{"@id":"https:\/\/cle.e-clectic.ch\/company\/#primaryimage"},"thumbnailUrl":"https:\/\/cle.e-clectic.ch\/wp-content\/uploads\/elementor\/thumbs\/LiDAR3-copia-qv0n14ereig5sbkeinlliu95hvsjk9cer9j2mglhk0.jpg","datePublished":"2024-10-07T09:18:16+00:00","dateModified":"2025-02-28T14:14:50+00:00","breadcrumb":{"@id":"https:\/\/cle.e-clectic.ch\/company\/#breadcrumb"},"inLanguage":"de","potentialAction":[{"@type":"ReadAction","target":["https:\/\/cle.e-clectic.ch\/company\/"]}]},{"@type":"ImageObject","inLanguage":"de","@id":"https:\/\/cle.e-clectic.ch\/company\/#primaryimage","url":"https:\/\/cle.e-clectic.ch\/wp-content\/uploads\/elementor\/thumbs\/LiDAR3-copia-qv0n14ereig5sbkeinlliu95hvsjk9cer9j2mglhk0.jpg","contentUrl":"https:\/\/cle.e-clectic.ch\/wp-content\/uploads\/elementor\/thumbs\/LiDAR3-copia-qv0n14ereig5sbkeinlliu95hvsjk9cer9j2mglhk0.jpg"},{"@type":"BreadcrumbList","@id":"https:\/\/cle.e-clectic.ch\/company\/#breadcrumb","itemListElement":[{"@type":"ListItem","position":1,"name":"Home","item":"https:\/\/cle.e-clectic.ch\/"},{"@type":"ListItem","position":2,"name":"Unternehmen"}]},{"@type":"WebSite","@id":"https:\/\/cle.e-clectic.ch\/#website","url":"https:\/\/cle.e-clectic.ch\/","name":"CL Electronics","description":"","publisher":{"@id":"https:\/\/cle.e-clectic.ch\/#organization"},"potentialAction":[{"@type":"SearchAction","target":{"@type":"EntryPoint","urlTemplate":"https:\/\/cle.e-clectic.ch\/?s={search_term_string}"},"query-input":{"@type":"PropertyValueSpecification","valueRequired":true,"valueName":"search_term_string"}}],"inLanguage":"de"},{"@type":"Organization","@id":"https:\/\/cle.e-clectic.ch\/#organization","name":"CL Electronics","url":"https:\/\/cle.e-clectic.ch\/","logo":{"@type":"ImageObject","inLanguage":"de","@id":"https:\/\/cle.e-clectic.ch\/#\/schema\/logo\/image\/","url":"https:\/\/cle.e-clectic.ch\/wp-content\/uploads\/2024\/09\/CL_Electronics_blu.png","contentUrl":"https:\/\/cle.e-clectic.ch\/wp-content\/uploads\/2024\/09\/CL_Electronics_blu.png","width":480,"height":273,"caption":"CL Electronics"},"image":{"@id":"https:\/\/cle.e-clectic.ch\/#\/schema\/logo\/image\/"}}]}},"_links":{"self":[{"href":"https:\/\/cle.e-clectic.ch\/de\/wp-json\/wp\/v2\/pages\/4061","targetHints":{"allow":["GET"]}}],"collection":[{"href":"https:\/\/cle.e-clectic.ch\/de\/wp-json\/wp\/v2\/pages"}],"about":[{"href":"https:\/\/cle.e-clectic.ch\/de\/wp-json\/wp\/v2\/types\/page"}],"author":[{"embeddable":true,"href":"https:\/\/cle.e-clectic.ch\/de\/wp-json\/wp\/v2\/users\/1"}],"replies":[{"embeddable":true,"href":"https:\/\/cle.e-clectic.ch\/de\/wp-json\/wp\/v2\/comments?post=4061"}],"version-history":[{"count":17,"href":"https:\/\/cle.e-clectic.ch\/de\/wp-json\/wp\/v2\/pages\/4061\/revisions"}],"predecessor-version":[{"id":4973,"href":"https:\/\/cle.e-clectic.ch\/de\/wp-json\/wp\/v2\/pages\/4061\/revisions\/4973"}],"wp:attachment":[{"href":"https:\/\/cle.e-clectic.ch\/de\/wp-json\/wp\/v2\/media?parent=4061"}],"wp:term":[{"taxonomy":"category","embeddable":true,"href":"https:\/\/cle.e-clectic.ch\/de\/wp-json\/wp\/v2\/categories?post=4061"},{"taxonomy":"post_tag","embeddable":true,"href":"https:\/\/cle.e-clectic.ch\/de\/wp-json\/wp\/v2\/tags?post=4061"}],"curies":[{"name":"wp","href":"https:\/\/api.w.org\/{rel}","templated":true}]}}